{"id":451,"date":"2025-03-17T10:22:55","date_gmt":"2025-03-17T10:22:55","guid":{"rendered":"https:\/\/dev.phoenixcontact-emobility.com\/?page_id=451"},"modified":"2025-05-16T09:00:36","modified_gmt":"2025-05-16T09:00:36","slug":"rss-feed-abonnieren","status":"publish","type":"page","link":"https:\/\/www.phoenixcontact-emobility.com\/de\/rss-feed-abonnieren\/","title":{"rendered":"RSS Feed abonnieren"},"content":{"rendered":"\t\t<div data-elementor-type=\"wp-page\" data-elementor-id=\"451\" class=\"elementor elementor-451\" data-elementor-post-type=\"page\">\n\t\t\t\t<div class=\"elementor-element elementor-element-aeab979 e-con-full cnt-space e-flex e-con e-parent\" data-id=\"aeab979\" data-element_type=\"container\" data-e-type=\"container\" data-settings=\"{&quot;background_background&quot;:&quot;classic&quot;}\">\n\t\t<div class=\"elementor-element elementor-element-7f62eb3 e-flex e-con-boxed e-con e-child\" data-id=\"7f62eb3\" data-element_type=\"container\" data-e-type=\"container\">\n\t\t\t\t\t<div class=\"e-con-inner\">\n\t\t\t\t<div class=\"elementor-element elementor-element-d622800 elementor-widget elementor-widget-heading\" data-id=\"d622800\" data-element_type=\"widget\" data-e-type=\"widget\" data-widget_type=\"heading.default\">\n\t\t\t\t\t<h1 class=\"elementor-heading-title elementor-size-default\">RSS-Feed<\/h1>\t\t\t\t<\/div>\n\t\t\t\t\t<\/div>\n\t\t\t\t<\/div>\n\t\t\t\t<\/div>\n\t\t<div class=\"elementor-element elementor-element-653dbd1b cnt-space e-flex e-con-boxed e-con e-parent\" data-id=\"653dbd1b\" data-element_type=\"container\" data-e-type=\"container\" data-settings=\"{&quot;background_background&quot;:&quot;classic&quot;}\">\n\t\t\t\t\t<div class=\"e-con-inner\">\n\t\t<div class=\"elementor-element elementor-element-35cef5ed e-con-full e-flex e-con e-child\" data-id=\"35cef5ed\" data-element_type=\"container\" data-e-type=\"container\">\n\t\t\t\t<div class=\"elementor-element elementor-element-e5fa981 elementor-widget elementor-widget-heading\" data-id=\"e5fa981\" data-element_type=\"widget\" data-e-type=\"widget\" data-widget_type=\"heading.default\">\n\t\t\t\t\t<h2 class=\"elementor-heading-title elementor-size-default\">Abonnieren Sie unseren RSS-Feed<\/h2>\t\t\t\t<\/div>\n\t\t\t\t<div class=\"elementor-element elementor-element-5e142c76 elementor-widget-divider--view-line elementor-widget elementor-widget-divider\" data-id=\"5e142c76\" data-element_type=\"widget\" data-e-type=\"widget\" data-widget_type=\"divider.default\">\n\t\t\t\t\t\t\t<div class=\"elementor-divider\">\n\t\t\t<span class=\"elementor-divider-separator\">\n\t\t\t\t\t\t<\/span>\n\t\t<\/div>\n\t\t\t\t\t\t<\/div>\n\t\t\t\t<div class=\"elementor-element elementor-element-1696ae12 elementor-widget elementor-widget-text-editor\" data-id=\"1696ae12\" data-element_type=\"widget\" data-e-type=\"widget\" data-widget_type=\"text-editor.default\">\n\t\t\t\t\t\t\t\t\t<p>Abonnieren Sie jetzt unseren RSS-Feed, um keine neuen Blogbeitr\u00e4ge, wichtigen News oder spannenden Events mehr zu verpassen. So sind Sie automatisch auf dem neuesten Stand \u2013 schnell, bequem und zuverl\u00e4ssig.<\/p>\t\t\t\t\t\t\t\t<\/div>\n\t\t\t\t<div class=\"elementor-element elementor-element-b5887c9 elementor-widget elementor-widget-shortcode\" data-id=\"b5887c9\" data-element_type=\"widget\" data-e-type=\"widget\" data-widget_type=\"shortcode.default\">\n\t\t\t\t\t\t\t<div class=\"elementor-shortcode\"><div class=\"tnp tnp-subscription \">\n<form method=\"post\" action=\"https:\/\/www.phoenixcontact-emobility.com\/wp-admin\/admin-ajax.php?action=tnp&amp;na=s\">\n<input type=\"hidden\" name=\"nlang\" value=\"de\">\n<div class=\"tnp-field tnp-field-email\"><label for=\"tnp-1\">E-Mail-Adresse<\/label>\n<input class=\"tnp-email\" type=\"email\" name=\"ne\" id=\"tnp-1\" value=\"\" placeholder=\"\" required><\/div>\n<div class=\"tnp-field tnp-privacy-field\"><label><input type=\"checkbox\" name=\"ny\" required class=\"tnp-privacy\"> <a target=\"_blank\" href=\"https:\/\/phoenixcontact-emobility.com\/de\/datenschutz\/\">Ich habe die Allgemeinen Gesch\u00e4ftsbedingungen gelesen und stimme ihnen zu.<\/a><\/label><\/div><div class=\"tnp-field tnp-field-button\" style=\"text-align: left\"><input class=\"tnp-submit\" type=\"submit\" value=\"Registrieren\" style=\"\">\n<\/div>\n<\/form>\n<\/div>\n<\/div>\n\t\t\t\t\t\t<\/div>\n\t\t\t\t<\/div>\n\t\t\t\t\t<\/div>\n\t\t\t\t<\/div>\n\t\t<div class=\"elementor-element elementor-element-45a6ab2 e-flex e-con-boxed e-con e-parent\" data-id=\"45a6ab2\" data-element_type=\"container\" data-e-type=\"container\">\n\t\t\t\t\t<div class=\"e-con-inner\">\n\t\t\t\t<div class=\"elementor-element elementor-element-d17cf0e elementor-widget elementor-widget-wp-widget-rss\" data-id=\"d17cf0e\" data-element_type=\"widget\" data-e-type=\"widget\" data-widget_type=\"wp-widget-rss.default\">\n\t\t\t\t<div class=\"elementor-widget-container\">\n\t\t\t\t\t<h5><a class=\"rsswidget rss-widget-feed\" href=\"https:\/\/www.phoenixcontact-emobility.com\/feed\/\"><img decoding=\"async\" class=\"rss-widget-icon\" style=\"border:0\" width=\"14\" height=\"14\" src=\"https:\/\/www.phoenixcontact-emobility.com\/wp-includes\/images\/rss.png\" alt=\"RSS\" \/><\/a> <a class=\"rsswidget rss-widget-title\" href=\"https:\/\/www.phoenixcontact-emobility.com\/de\/\">Unsere letzten Artikel<\/a><\/h5><nav aria-label=\"Unsere letzten Artikel\"><ul><li><a class='rsswidget' href='https:\/\/www.phoenixcontact-emobility.com\/de\/news-und-events\/ladeinfrastruktur\/pwn2own-automotive-2026-cybersecurity\/'>Pwn2Own Automotive 2026: Cybersicherheit f\u00fcr unsere Ladel\u00f6sungen<\/a> <span class=\"rss-date\">M\u00e4rz 2, 2026<\/span><div class=\"rssSummary\">Phoenix Contact E-Mobility Pwn2Own Automotive 2026: Cybersicherheit f\u00fcr unsere Ladel\u00f6sungen Phoenix Contact war auch in diesem Jahr wieder bei dem renommierten Sicherheitswettbewerb Pwn2Own Automotive 2026 in Tokio vertreten. Zum dritten Mal in Folge wurde die AC\u2011Ladesteuerung CHARX control modular als offizielles Zielger\u00e4t nominiert \u2013 ein klares Zeichen daf\u00fcr, welche technische Bedeutung und Sicherheitsqualit\u00e4t unseren Produkten [&hellip;]<\/div><\/li><li><a class='rsswidget' href='https:\/\/www.phoenixcontact-emobility.com\/de\/news-und-events\/ladeinfrastruktur\/mobile-schnellladeloesung-sbow-iflex\/'>Mobile Schnellladel\u00f6sung SBOW iFlex f\u00fcr Elektrofahrzeuge<\/a> <span class=\"rss-date\">Februar 13, 2026<\/span><div class=\"rssSummary\">Phoenix Contact E-Mobility Mobile Schnellladel\u00f6sung SBOW iFlex f\u00fcr Elektrofahrzeuge Feste Netzanschl\u00fcsse erfordern Genehmigungen und Zeit. Zwei Faktoren, die in dynamischen Einsatzgebieten wie Baustellen, Gro\u00dfveranstaltungen oder bei Netzausf\u00e4llen oft nicht verf\u00fcgbar sind.\u00a0Die\u00a0Diggia\u00a0Group setzt\u00a0mit SBOW\u00a0iFlex\u00a0genau hier an: Die mobile\u00a0Schnellladel\u00f6sung\u00a0erm\u00f6glicht\u00a0das\u00a0Laden\u00a0von Elektrofahrzeugen\u00a0genau dort, wo es gebraucht wird, unabh\u00e4ngig vom Stromnetz.\u00a0 Wer ist die Diggia Group? Die Diggia Group ist [&hellip;]<\/div><\/li><li><a class='rsswidget' href='https:\/\/www.phoenixcontact-emobility.com\/de\/news-und-events\/elektrofahrzeuge\/die-intelligenz-steckt-im-inlet\/'>Die Intelligenz steckt im Inlet: Warum integrierte Steuerung die Zukunft ist<\/a> <span class=\"rss-date\">Februar 6, 2026<\/span><div class=\"rssSummary\">Phoenix Contact E-Mobility Die Intelligenz steckt im Inlet: Warum integrierte Steuerung die Zukunft ist Die Elektrifizierung schwerer Nutzfahrzeuge steht an der Schwelle zu einer neuen \u00c4ra. Elektrische Nutzfahrzeuge wie Elektrobusse, E\u2011Trucks, Baumaschinen und schwere Kommunal- und Sonderfahrzeuge sind l\u00e4ngst keine vision\u00e4ren Zukunftskonzepte mehr. Sie sind Teil des Alltags und \u00fcbernehmen zentrale Aufgaben in Transport, Logistik, [&hellip;]<\/div><\/li><li><a class='rsswidget' href='https:\/\/www.phoenixcontact-emobility.com\/de\/news-und-events\/ladeinfrastruktur\/afir-und-ad-hoc-bezahlung\/'>AFIR und Ad-hoc-Payment: Warum offene Bezahlsysteme Pflicht sind<\/a> <span class=\"rss-date\">Januar 30, 2026<\/span><div class=\"rssSummary\">Phoenix Contact E-Mobility AFIR und Ad-hoc-Payment: Warum offene Bezahlsysteme Pflicht sind Bezahlvorg\u00e4nge ohne Vertragsbindung, ohne App-Zwang, mit klarer Preistransparenz und barrierefrei? Klingt selbstverst\u00e4ndlich, ist aber im europ\u00e4ischen E-Mobility-Alltag leider noch nicht fl\u00e4chendeckende Realit\u00e4t. Dabei gilt bereits seit April 2024 die AFIR-Verordnung (EU 2023\/1804), die besagt, dass \u00f6ffentliche Ladepunkte Ad-hoc-Bezahlung erm\u00f6glichen m\u00fcssen. Bestehende \u00dcbergangsfristen bis 2027 [&hellip;]<\/div><\/li><li><a class='rsswidget' href='https:\/\/www.phoenixcontact-emobility.com\/de\/news-und-events\/ladeinfrastruktur\/mobile-ladeloesung-lichtblick-flexicharger-pro\/'>Mobile Ladel\u00f6sung LichtBlick FlexiCharger Pro f\u00fcr elektrische Nutzfahrzeuge<\/a> <span class=\"rss-date\">Januar 16, 2026<\/span><div class=\"rssSummary\">Phoenix Contact E-Mobility Mobile Ladel\u00f6sung LichtBlick FlexiCharger Pro f\u00fcr elektrische Nutzfahrzeuge Die Zukunft der Elektromobilit\u00e4t ist nicht nur auf Autobahnen und in St\u00e4dten sichtbar, sie erreicht auch Baustellen, Logistikzentren und sogar Festivals. Doch wie gelingt es, schwere Baumaschinen mitten im Schlamm einer Gro\u00dfbaustelle zu laden? Die Antwort: Mit dem LichtBlick FlexiCharger Pro, einer mobilen Schnellladel\u00f6sung, [&hellip;]<\/div><\/li><li><a class='rsswidget' href='https:\/\/www.phoenixcontact-emobility.com\/de\/news-und-events\/ladeinfrastruktur\/trusted-charging-alliance\/'>Trusted Charging Alliance: Vertrauen als Schl\u00fcssel f\u00fcr die Ladeinfrastruktur<\/a> <span class=\"rss-date\">Dezember 12, 2025<\/span><div class=\"rssSummary\">Phoenix Contact E-Mobility Trusted Charging Alliance: Vertrauen als Schl\u00fcssel f\u00fcr die Ladeinfrastruktur Elektromobilit\u00e4t ist die Grundlage f\u00fcr eine nachhaltige Mobilit\u00e4t in Europa.\u00a0Mit dem\u00a0Ausbau der Ladeinfrastruktur w\u00e4chst auch die Komplexit\u00e4t: unterschiedliche Standards, Sicherheitsanforderungen und regulatorische Vorgaben stellen Hersteller und Betreiber vor gro\u00dfe Herausforderungen. Genau hier setzt die\u00a0Trusted\u00a0Charging Alliance (TCA)\u00a0an. Sie verfolgt das Ziel, Vertrauen, Qualit\u00e4t und [&hellip;]<\/div><\/li><li><a class='rsswidget' href='https:\/\/www.phoenixcontact-emobility.com\/de\/news-und-events\/ladeinfrastruktur\/vde-studie-bidirektionales-laden-und-alltagstaugliche-ladeinfrastruktur-im-fokus\/'>VDE-Studie: Bidirektionales Laden und alltagstaugliche Ladeinfrastruktur im Fokus<\/a> <span class=\"rss-date\">Dezember 5, 2025<\/span><div class=\"rssSummary\">Phoenix Contact E-Mobility VDE-Studie: Bidirektionales Laden und alltagstaugliche Ladeinfrastruktur im Fokus Elektromobilit\u00e4t spielt eine Schl\u00fcsselrolle f\u00fcr den Klimaschutz, die Energiewende sowie die industrielle Wertsch\u00f6pfung.\u00a0 Die VDE-Studie im \u00dcberblick Die aktuelle\u00a0Studie \u201eEnergiegeladen in die Zukunft\u201c\u00a0des VDE (Verband der Elektrotechnik Elektronik Informationstechnik\u00a0e.V.)\u00a0beleuchtet die Rolle der Elektromobilit\u00e4t als zentralen Baustein f\u00fcr die Energiewende und Klimaneutralit\u00e4t bis 2045.\u00a0Die Studie\u00a0erl\u00e4utert, [&hellip;]<\/div><\/li><li><a class='rsswidget' href='https:\/\/www.phoenixcontact-emobility.com\/de\/news-und-events\/ladeinfrastruktur\/kabeldiebstahl-eine-wachsende-herausforderung-fuer-die-ladeinfrastruktur\/'>Kabeldiebstahl: Eine wachsende Herausforderung f\u00fcr die Ladeinfrastruktur<\/a> <span class=\"rss-date\">November 26, 2025<\/span><div class=\"rssSummary\">Phoenix Contact E-Mobility Kabeldiebstahl: Eine wachsende Herausforderung f\u00fcr die Ladeinfrastruktur Der Diebstahl von Ladekabeln hat sich im Jahr 2025 zu einem ernsthaften Problem f\u00fcr die gesamte E-Mobility-Branche entwickelt. Betroffen sind vor allem Betreiber \u00f6ffentlicher Ladeinfrastruktur, die hohe Kosten f\u00fcr Ersatz und Ausfallzeiten tragen. Aber auch Ladestationshersteller, die zus\u00e4tzliche Sicherheitskonzepte entwickeln m\u00fcssen sp\u00fcren die Konsequenzen. Und [&hellip;]<\/div><\/li><li><a class='rsswidget' href='https:\/\/www.phoenixcontact-emobility.com\/de\/news-und-events\/ladeinfrastruktur\/v2g-alliance-austria-als-wegbereiter-fur-das-bidirektionale-laden\/'>V2G Alliance Austria als Wegbereiter f\u00fcr das bidirektionale Laden<\/a> <span class=\"rss-date\">November 14, 2025<\/span><div class=\"rssSummary\">Phoenix Contact E-Mobility V2G Alliance Austria als Wegbereiter f\u00fcr das bidirektionale Laden Die Energiewende bringt neue Herausforderungen und neue Chancen.\u00a0 Eine Schl\u00fcsseltechnologie, um Mobilit\u00e4t und Energie intelligent zu verkn\u00fcpfen, ist das bidirektionale Laden, auch bekannt als Vehicle-to-Grid (V2G). Dabei werden Elektrofahrzeuge nicht nur als Verbraucher, sondern auch als mobile Energiespeicher genutzt, die Strom ins Netz [&hellip;]<\/div><\/li><\/ul><\/nav>\t\t\t\t<\/div>\n\t\t\t\t<\/div>\n\t\t\t\t\t<\/div>\n\t\t\t\t<\/div>\n\t\t\t\t<\/div>\n\t\t","protected":false},"excerpt":{"rendered":"<p>RSS-Feed Abonnieren Sie unseren RSS-Feed Abonnieren Sie jetzt unseren RSS-Feed, um keine neuen Blogbeitr\u00e4ge, wichtigen News oder spannenden Events mehr zu verpassen. So sind Sie automatisch auf dem neuesten Stand \u2013 schnell, bequem und zuverl\u00e4ssig.<\/p>\n","protected":false},"author":3,"featured_media":0,"parent":0,"menu_order":0,"comment_status":"closed","ping_status":"closed","template":"","meta":{"_acf_changed":false,"footnotes":""},"class_list":["post-451","page","type-page","status-publish","hentry"],"acf":[],"_links":{"self":[{"href":"https:\/\/www.phoenixcontact-emobility.com\/de\/wp-json\/wp\/v2\/pages\/451","targetHints":{"allow":["GET"]}}],"collection":[{"href":"https:\/\/www.phoenixcontact-emobility.com\/de\/wp-json\/wp\/v2\/pages"}],"about":[{"href":"https:\/\/www.phoenixcontact-emobility.com\/de\/wp-json\/wp\/v2\/types\/page"}],"author":[{"embeddable":true,"href":"https:\/\/www.phoenixcontact-emobility.com\/de\/wp-json\/wp\/v2\/users\/3"}],"replies":[{"embeddable":true,"href":"https:\/\/www.phoenixcontact-emobility.com\/de\/wp-json\/wp\/v2\/comments?post=451"}],"version-history":[{"count":0,"href":"https:\/\/www.phoenixcontact-emobility.com\/de\/wp-json\/wp\/v2\/pages\/451\/revisions"}],"wp:attachment":[{"href":"https:\/\/www.phoenixcontact-emobility.com\/de\/wp-json\/wp\/v2\/media?parent=451"}],"curies":[{"name":"wp","href":"https:\/\/api.w.org\/{rel}","templated":true}]}}